{"id":8340,"date":"2022-08-19T10:47:08","date_gmt":"2022-08-19T14:47:08","guid":{"rendered":"https:\/\/zyromski-13730204208.futehost.ca\/contact\/"},"modified":"2023-07-19T13:55:04","modified_gmt":"2023-07-19T17:55:04","slug":"contact","status":"publish","type":"page","link":"https:\/\/www.zyromski.com\/en\/contact\/","title":{"rendered":"Contact"},"content":{"rendered":"\t\t<div data-elementor-type=\"wp-page\" data-elementor-id=\"8340\" class=\"elementor elementor-8340 elementor-36\" data-elementor-post-type=\"page\">\n\t\t\t\t\t\t<section class=\"elementor-section elementor-top-section elementor-element elementor-element-7f63855 elementor-section-full_width elementor-section-height-min-height elementor-section-height-default elementor-section-items-middle\" data-id=\"7f63855\" data-element_type=\"section\" data-settings=\"{&quot;background_background&quot;:&quot;classic&quot;}\">\n\t\t\t\t\t\t<div class=\"elementor-container elementor-column-gap-default\">\n\t\t\t\t\t<div class=\"elementor-column elementor-col-100 elementor-top-column elementor-element elementor-element-81e39dc\" data-id=\"81e39dc\" data-element_type=\"column\">\n\t\t\t<div class=\"elementor-widget-wrap elementor-element-populated\">\n\t\t\t\t\t\t<div class=\"elementor-element elementor-element-7d27b50 elementor-widget elementor-widget-heading\" data-id=\"7d27b50\" data-element_type=\"widget\" data-widget_type=\"heading.default\">\n\t\t\t\t<div class=\"elementor-widget-container\">\n\t\t\t\t\t<h1 class=\"elementor-heading-title elementor-size-default\">Contact us<\/h1>\t\t\t\t<\/div>\n\t\t\t\t<\/div>\n\t\t\t\t\t<\/div>\n\t\t<\/div>\n\t\t\t\t\t<\/div>\n\t\t<\/section>\n\t\t\t\t<section class=\"elementor-section elementor-top-section elementor-element elementor-element-e9b0567 elementor-section-height-min-height elementor-section-content-middle elementor-section-boxed elementor-section-height-default elementor-section-items-middle\" data-id=\"e9b0567\" data-element_type=\"section\" data-settings=\"{&quot;background_background&quot;:&quot;classic&quot;}\">\n\t\t\t\t\t\t<div class=\"elementor-container elementor-column-gap-default\">\n\t\t\t\t\t<div class=\"elementor-column elementor-col-100 elementor-top-column elementor-element elementor-element-8acfc20\" data-id=\"8acfc20\" data-element_type=\"column\">\n\t\t\t<div class=\"elementor-widget-wrap elementor-element-populated\">\n\t\t\t\t\t\t<div class=\"elementor-element elementor-element-63bb2a0 elementor-widget elementor-widget-heading\" data-id=\"63bb2a0\" data-element_type=\"widget\" data-widget_type=\"heading.default\">\n\t\t\t\t<div class=\"elementor-widget-container\">\n\t\t\t\t\t<h2 class=\"elementor-heading-title elementor-size-default\">Zyromski Production &amp; Distribution<\/h2>\t\t\t\t<\/div>\n\t\t\t\t<\/div>\n\t\t\t\t<div class=\"elementor-element elementor-element-c806304 elementor-widget elementor-widget-heading\" data-id=\"c806304\" data-element_type=\"widget\" data-widget_type=\"heading.default\">\n\t\t\t\t<div class=\"elementor-widget-container\">\n\t\t\t\t\t<h3 class=\"elementor-heading-title elementor-size-default\">Questions or Comments?<\/h3>\t\t\t\t<\/div>\n\t\t\t\t<\/div>\n\t\t\t\t\t<\/div>\n\t\t<\/div>\n\t\t\t\t\t<\/div>\n\t\t<\/section>\n\t\t\t\t<section class=\"elementor-section elementor-top-section elementor-element elementor-element-e021ee3 elementor-section-boxed elementor-section-height-default elementor-section-height-default\" data-id=\"e021ee3\" data-element_type=\"section\">\n\t\t\t\t\t\t<div class=\"elementor-container elementor-column-gap-default\">\n\t\t\t\t\t<div class=\"elementor-column elementor-col-50 elementor-top-column elementor-element elementor-element-9062b94\" data-id=\"9062b94\" data-element_type=\"column\" data-settings=\"{&quot;background_background&quot;:&quot;classic&quot;}\">\n\t\t\t<div class=\"elementor-widget-wrap elementor-element-populated\">\n\t\t\t\t\t\t<section class=\"elementor-section elementor-inner-section elementor-element elementor-element-edef9b9 elementor-section-boxed elementor-section-height-default elementor-section-height-default\" data-id=\"edef9b9\" data-element_type=\"section\">\n\t\t\t\t\t\t<div class=\"elementor-container elementor-column-gap-default\">\n\t\t\t\t\t<div class=\"elementor-column elementor-col-100 elementor-inner-column elementor-element elementor-element-84e8e45\" data-id=\"84e8e45\" data-element_type=\"column\">\n\t\t\t<div class=\"elementor-widget-wrap elementor-element-populated\">\n\t\t\t\t\t\t<div class=\"elementor-element elementor-element-52b5aa3 elementor-widget elementor-widget-heading\" data-id=\"52b5aa3\" data-element_type=\"widget\" data-widget_type=\"heading.default\">\n\t\t\t\t<div class=\"elementor-widget-container\">\n\t\t\t\t\t<h3 class=\"elementor-heading-title elementor-size-default\">Our contact :<\/h3>\t\t\t\t<\/div>\n\t\t\t\t<\/div>\n\t\t\t\t<div class=\"elementor-element elementor-element-c9740a0 elementor-icon-list--layout-traditional elementor-list-item-link-full_width elementor-widget elementor-widget-icon-list\" data-id=\"c9740a0\" data-element_type=\"widget\" data-widget_type=\"icon-list.default\">\n\t\t\t\t<div class=\"elementor-widget-container\">\n\t\t\t\t\t\t\t<ul class=\"elementor-icon-list-items\">\n\t\t\t\t\t\t\t<li class=\"elementor-icon-list-item\">\n\t\t\t\t\t\t\t\t\t\t\t<a href=\"https:\/\/www.google.com\/maps\/place\/Serres+Frank+Zyromski+Inc+(Les)\/@46.4262732,-74.9245872,17z\/data=!3m1!4b1!4m6!3m5!1s0x4ccff54722cb7801:0x3cb8d895d2eeda15!8m2!3d46.4262695!4d-74.9220123!16s%2Fg%2F1tfpzgmg\" target=\"_blank\" rel=\"noopener\">\n\n\t\t\t\t\t\t\t\t\t\t\t\t<span class=\"elementor-icon-list-icon\">\n\t\t\t\t\t\t\t<svg xmlns=\"http:\/\/www.w3.org\/2000\/svg\" xmlns:xlink=\"http:\/\/www.w3.org\/1999\/xlink\" id=\"Groupe_263\" data-name=\"Groupe 263\" width=\"23.583\" height=\"31.151\" viewBox=\"0 0 23.583 31.151\"><defs><clipPath id=\"clip-path-1\"><rect id=\"Rectangle_127\" data-name=\"Rectangle 127\" width=\"23.583\" height=\"31.151\" fill=\"#ef4d89\"><\/rect><\/clipPath><\/defs><g id=\"Groupe_262\" data-name=\"Groupe 262\" clip-path=\"url(#clip-path-1)\"><path id=\"Trac&#xE9;_353\" data-name=\"Trac&#xE9; 353\" d=\"M20.129,3.454A11.791,11.791,0,0,0,0,11.791c0,6.069,10.241,17.642,11.791,19.36,1.55-1.718,11.791-13.291,11.791-19.36a11.755,11.755,0,0,0-3.454-8.338m-8.338,2.82A5.518,5.518,0,1,1,7.89,7.89a5.5,5.5,0,0,1,3.9-1.616\" transform=\"translate(0 0)\" fill=\"#ef4d89\" fill-rule=\"evenodd\"><\/path><\/g><\/svg>\t\t\t\t\t\t<\/span>\n\t\t\t\t\t\t\t\t\t\t<span class=\"elementor-icon-list-text\">1853, chemin Lalibert\u00e9 Rivi\u00e8re-Rouge, Qu\u00e9bec J0T 1T0<\/span>\n\t\t\t\t\t\t\t\t\t\t\t<\/a>\n\t\t\t\t\t\t\t\t\t<\/li>\n\t\t\t\t\t\t\t\t<li class=\"elementor-icon-list-item\">\n\t\t\t\t\t\t\t\t\t\t\t<span class=\"elementor-icon-list-icon\">\n\t\t\t\t\t\t\t<svg xmlns=\"http:\/\/www.w3.org\/2000\/svg\" xmlns:xlink=\"http:\/\/www.w3.org\/1999\/xlink\" width=\"30\" height=\"30\" viewBox=\"0 0 30 30\"><defs><clipPath id=\"clip-path-2\"><rect id=\"Rectangle_22\" data-name=\"Rectangle 22\" width=\"30\" height=\"30\" transform=\"translate(0 0)\" fill=\"#ef4d89\"><\/rect><\/clipPath><\/defs><g id=\"Groupe_138\" data-name=\"Groupe 138\" transform=\"translate(0.06 -0.375)\"><g id=\"Groupe_106\" data-name=\"Groupe 106\" transform=\"translate(-0.06 0.375)\" clip-path=\"url(#clip-path-2)\"><path id=\"Trac&#xE9;_142\" data-name=\"Trac&#xE9; 142\" d=\"M271.16,5.181A18.543,18.543,0,0,0,261.515.018,1.03,1.03,0,0,0,260.3,1.1v0a1.031,1.031,0,0,0,.842.94A16.831,16.831,0,0,1,274.3,15.2a1.031,1.031,0,0,0,.94.842h0a1.03,1.03,0,0,0,1.083-1.218,18.543,18.543,0,0,0-5.163-9.645Z\" transform=\"translate(-245.823 -0.469)\" fill=\"#ef4d89\"><\/path><path id=\"Trac&#xE9;_143\" data-name=\"Trac&#xE9; 143\" d=\"M265.7,78.621v0a1.034,1.034,0,0,0,.758.921,12.837,12.837,0,0,1,8.671,8.671,1.034,1.034,0,0,0,.921.758h0a1.03,1.03,0,0,0,1.062-1.308,14.893,14.893,0,0,0-10.106-10.106,1.03,1.03,0,0,0-1.308,1.062\" transform=\"translate(-250.926 -73.695)\" fill=\"#ef4d89\"><\/path><path id=\"Trac&#xE9;_144\" data-name=\"Trac&#xE9; 144\" d=\"M271.368,159.9h0a1.034,1.034,0,0,0,.587.858,8.961,8.961,0,0,1,4.086,4.086,1.028,1.028,0,0,0,1.862-.875,10.968,10.968,0,0,0-5.073-5.073,1.028,1.028,0,0,0-1.462,1\" transform=\"translate(-256.281 -150.465)\" fill=\"#ef4d89\"><\/path><path id=\"Trac&#xE9;_145\" data-name=\"Trac&#xE9; 145\" d=\"M7.561,46.46c7.046,7.046,15.733,9.781,19.958,5.556a6.743,6.743,0,0,0,1.356-1.958,2.269,2.269,0,0,0,.185-1.3l-.294-1.875a2.246,2.246,0,0,0-1.629-1.819L21.7,43.583a2.246,2.246,0,0,0-2.179.579l-1.553,1.553a1.413,1.413,0,0,1-1.808.163,33.727,33.727,0,0,1-8.022-8.022,1.413,1.413,0,0,1,.163-1.808L9.859,34.5a2.246,2.246,0,0,0,.579-2.178L8.96,26.884a2.246,2.246,0,0,0-1.819-1.629l-1.875-.294a2.269,2.269,0,0,0-1.3.185A6.742,6.742,0,0,0,2.005,26.5C-2.22,30.727.516,39.414,7.561,46.46\" transform=\"translate(0.052 -24.022)\" fill=\"#ef4d89\"><\/path><\/g><\/g><\/svg>\t\t\t\t\t\t<\/span>\n\t\t\t\t\t\t\t\t\t\t<span class=\"elementor-icon-list-text\"><a href=\"tel:819755156\"><strong>(819) 275-5156<\/strong><\/a><a href=\"tel:18889055156\"><br>Toll-free : 1 888 905-5156<\/a> Fax : (819) 275 7976<br> <a href=\"tel:18882757976\">Toll-free : 1 888 275-7976<\/a><\/span>\n\t\t\t\t\t\t\t\t\t<\/li>\n\t\t\t\t\t\t\t\t<li class=\"elementor-icon-list-item\">\n\t\t\t\t\t\t\t\t\t\t\t<a href=\"mailto:info@zyromski.com\" target=\"_blank\">\n\n\t\t\t\t\t\t\t\t\t\t\t\t<span class=\"elementor-icon-list-icon\">\n\t\t\t\t\t\t\t<svg xmlns=\"http:\/\/www.w3.org\/2000\/svg\" xmlns:xlink=\"http:\/\/www.w3.org\/1999\/xlink\" id=\"Groupe_140\" data-name=\"Groupe 140\" width=\"29.284\" height=\"31\" viewBox=\"0 0 29.284 31\"><defs><clipPath id=\"clip-path-3\"><rect id=\"Rectangle_44\" data-name=\"Rectangle 44\" width=\"29.284\" height=\"31\" fill=\"#ef4d89\"><\/rect><\/clipPath><\/defs><g id=\"Groupe_139\" data-name=\"Groupe 139\" clip-path=\"url(#clip-path-3)\"><path id=\"Trac&#xE9;_213\" data-name=\"Trac&#xE9; 213\" d=\"M48.143,55.649a15.63,15.63,0,0,1-7.635,1.716c-7.034,0-13-5.147-13-13.382,0-8.836,6.134-16.471,15.656-16.471,7.463,0,12.482,5.233,12.482,12.4,0,6.434-3.6,10.208-7.635,10.208-1.716,0-3.3-1.158-3.174-3.775h-.172c-1.5,2.531-3.474,3.775-6.048,3.775-2.488,0-4.632-2.016-4.632-5.4A10.129,10.129,0,0,1,44.154,34.546a11.307,11.307,0,0,1,4.589.9l-1.458,7.764c-.643,3.26-.129,4.761,1.287,4.8,2.188.043,4.632-2.874,4.632-7.849,0-6.219-3.732-10.68-10.38-10.68-6.992,0-12.868,5.533-12.868,14.24,0,7.163,4.675,11.581,11.023,11.581a13.379,13.379,0,0,0,6.477-1.5ZM45.784,37.12a7.413,7.413,0,0,0-2.145-.3c-3.775,0-6.82,3.56-6.82,7.721,0,1.887.944,3.26,2.831,3.26,2.488,0,4.761-3.174,5.233-5.833Z\" transform=\"translate(-26.939 -26.939)\" fill=\"#ef4d89\"><\/path><path id=\"Trac&#xE9;_214\" data-name=\"Trac&#xE9; 214\" d=\"M48.143,55.649a15.63,15.63,0,0,1-7.635,1.716c-7.034,0-13-5.147-13-13.382,0-8.836,6.134-16.471,15.656-16.471,7.463,0,12.482,5.233,12.482,12.4,0,6.434-3.6,10.208-7.635,10.208-1.716,0-3.3-1.158-3.174-3.775h-.172c-1.5,2.531-3.474,3.775-6.048,3.775-2.488,0-4.632-2.016-4.632-5.4A10.129,10.129,0,0,1,44.154,34.546a11.307,11.307,0,0,1,4.589.9l-1.458,7.764c-.643,3.26-.129,4.761,1.287,4.8,2.188.043,4.632-2.874,4.632-7.849,0-6.219-3.732-10.68-10.38-10.68-6.992,0-12.868,5.533-12.868,14.24,0,7.163,4.675,11.581,11.023,11.581a13.379,13.379,0,0,0,6.477-1.5ZM45.784,37.12a7.413,7.413,0,0,0-2.145-.3c-3.775,0-6.82,3.56-6.82,7.721,0,1.887.944,3.26,2.831,3.26,2.488,0,4.761-3.174,5.233-5.833Z\" transform=\"translate(-26.939 -26.939)\" fill=\"#ef4d89\"><\/path><\/g><\/svg>\t\t\t\t\t\t<\/span>\n\t\t\t\t\t\t\t\t\t\t<span class=\"elementor-icon-list-text\"><strong>info@zyromski.com<\/strong><\/span>\n\t\t\t\t\t\t\t\t\t\t\t<\/a>\n\t\t\t\t\t\t\t\t\t<\/li>\n\t\t\t\t\t\t<\/ul>\n\t\t\t\t\t\t<\/div>\n\t\t\t\t<\/div>\n\t\t\t\t\t<\/div>\n\t\t<\/div>\n\t\t\t\t\t<\/div>\n\t\t<\/section>\n\t\t\t\t\t<\/div>\n\t\t<\/div>\n\t\t\t\t<div class=\"elementor-column elementor-col-50 elementor-top-column elementor-element elementor-element-7e7583e\" data-id=\"7e7583e\" data-element_type=\"column\">\n\t\t\t<div class=\"elementor-widget-wrap elementor-element-populated\">\n\t\t\t\t\t\t<div class=\"elementor-element elementor-element-62b0f1a elementor-widget elementor-widget-heading\" data-id=\"62b0f1a\" data-element_type=\"widget\" data-widget_type=\"heading.default\">\n\t\t\t\t<div class=\"elementor-widget-container\">\n\t\t\t\t\t<h3 class=\"elementor-heading-title elementor-size-default\">Write to Us<\/h3>\t\t\t\t<\/div>\n\t\t\t\t<\/div>\n\t\t\t\t<div class=\"elementor-element elementor-element-63796df elementor-button-align-end elementor-widget elementor-widget-form\" data-id=\"63796df\" data-element_type=\"widget\" data-settings=\"{&quot;step_next_label&quot;:&quot;Suivant&quot;,&quot;step_previous_label&quot;:&quot;Pr\\u00e9c\\u00e9dent&quot;,&quot;button_width&quot;:&quot;100&quot;,&quot;step_type&quot;:&quot;number_text&quot;,&quot;step_icon_shape&quot;:&quot;circle&quot;}\" data-widget_type=\"form.default\">\n\t\t\t\t<div class=\"elementor-widget-container\">\n\t\t\t\t\t\t\t<form class=\"elementor-form\" method=\"post\" name=\"Formulaire Contact\" aria-label=\"Formulaire Contact\">\n\t\t\t<input type=\"hidden\" name=\"post_id\" value=\"8340\"\/>\n\t\t\t<input type=\"hidden\" name=\"form_id\" value=\"63796df\"\/>\n\t\t\t<input type=\"hidden\" name=\"referer_title\" value=\"Contact Us | Zyromski Production&amp;Distribution\" \/>\n\n\t\t\t\t\t\t\t<input type=\"hidden\" name=\"queried_id\" value=\"8340\"\/>\n\t\t\t\n\t\t\t<div class=\"elementor-form-fields-wrapper elementor-labels-above\">\n\t\t\t\t\t\t\t\t<div class=\"elementor-field-type-text elementor-field-group elementor-column elementor-field-group-name elementor-col-50 elementor-field-required elementor-mark-required\">\n\t\t\t\t\t\t\t\t\t\t\t\t<label for=\"form-field-name\" class=\"elementor-field-label\">\n\t\t\t\t\t\t\t\tName\t\t\t\t\t\t\t<\/label>\n\t\t\t\t\t\t\t\t\t\t\t\t\t\t<input size=\"1\" type=\"text\" name=\"form_fields[name]\" id=\"form-field-name\" class=\"elementor-field elementor-size-sm  elementor-field-textual\" required=\"required\">\n\t\t\t\t\t\t\t\t\t\t\t<\/div>\n\t\t\t\t\t\t\t\t<div class=\"elementor-field-type-text elementor-field-group elementor-column elementor-field-group-field_b14a00e elementor-col-50 elementor-field-required elementor-mark-required\">\n\t\t\t\t\t\t\t\t\t\t\t\t<label for=\"form-field-field_b14a00e\" class=\"elementor-field-label\">\n\t\t\t\t\t\t\t\tName\t\t\t\t\t\t\t<\/label>\n\t\t\t\t\t\t\t\t\t\t\t\t\t\t<input size=\"1\" type=\"text\" name=\"form_fields[field_b14a00e]\" id=\"form-field-field_b14a00e\" class=\"elementor-field elementor-size-sm  elementor-field-textual\" required=\"required\">\n\t\t\t\t\t\t\t\t\t\t\t<\/div>\n\t\t\t\t\t\t\t\t<div class=\"elementor-field-type-email elementor-field-group elementor-column elementor-field-group-email elementor-col-50 elementor-field-required elementor-mark-required\">\n\t\t\t\t\t\t\t\t\t\t\t\t<label for=\"form-field-email\" class=\"elementor-field-label\">\n\t\t\t\t\t\t\t\tEmail\t\t\t\t\t\t\t<\/label>\n\t\t\t\t\t\t\t\t\t\t\t\t\t\t<input size=\"1\" type=\"email\" name=\"form_fields[email]\" id=\"form-field-email\" class=\"elementor-field elementor-size-sm  elementor-field-textual\" required=\"required\">\n\t\t\t\t\t\t\t\t\t\t\t<\/div>\n\t\t\t\t\t\t\t\t<div class=\"elementor-field-type-tel elementor-field-group elementor-column elementor-field-group-field_7d8c6a6 elementor-col-50\">\n\t\t\t\t\t\t\t\t\t\t\t\t<label for=\"form-field-field_7d8c6a6\" class=\"elementor-field-label\">\n\t\t\t\t\t\t\t\tPhone\t\t\t\t\t\t\t<\/label>\n\t\t\t\t\t\t\t\t<input size=\"1\" type=\"tel\" name=\"form_fields[field_7d8c6a6]\" id=\"form-field-field_7d8c6a6\" class=\"elementor-field elementor-size-sm  elementor-field-textual\" pattern=\"[0-9()#&amp;+*-=.]+\" title=\"Only numbers and phone characters (#, -, *, etc) are accepted.\">\n\n\t\t\t\t\t\t<\/div>\n\t\t\t\t\t\t\t\t<div class=\"elementor-field-type-textarea elementor-field-group elementor-column elementor-field-group-message elementor-col-100\">\n\t\t\t\t\t\t\t\t\t\t\t\t<label for=\"form-field-message\" class=\"elementor-field-label\">\n\t\t\t\t\t\t\t\tMessage\t\t\t\t\t\t\t<\/label>\n\t\t\t\t\t\t<textarea class=\"elementor-field-textual elementor-field  elementor-size-sm\" name=\"form_fields[message]\" id=\"form-field-message\" rows=\"4\"><\/textarea>\t\t\t\t<\/div>\n\t\t\t\t\t\t\t\t<div class=\"elementor-field-type-recaptcha_v3 elementor-field-group elementor-column elementor-field-group-field_eb6b3ff elementor-col-100 recaptcha_v3-inline\">\n\t\t\t\t\t<div class=\"elementor-field\" id=\"form-field-field_eb6b3ff\"><div class=\"elementor-g-recaptcha\" data-sitekey=\"6LeVuzknAAAAADN8_1OSbEcmnTscUvlXYdWXeG17\" data-type=\"v3\" data-action=\"Form\" data-badge=\"inline\" data-size=\"invisible\"><\/div><\/div>\t\t\t\t<\/div>\n\t\t\t\t\t\t\t\t<div class=\"elementor-field-group elementor-column elementor-field-type-submit elementor-col-100 e-form__buttons\">\n\t\t\t\t\t<button class=\"elementor-button elementor-size-sm\" type=\"submit\">\n\t\t\t\t\t\t<span class=\"elementor-button-content-wrapper\">\n\t\t\t\t\t\t\t\t\t\t\t\t\t\t\t\t\t\t\t\t\t\t<span class=\"elementor-button-text\">Send<\/span>\n\t\t\t\t\t\t\t\t\t\t\t\t\t<\/span>\n\t\t\t\t\t<\/button>\n\t\t\t\t<\/div>\n\t\t\t<\/div>\n\t\t<\/form>\n\t\t\t\t\t\t<\/div>\n\t\t\t\t<\/div>\n\t\t\t\t\t<\/div>\n\t\t<\/div>\n\t\t\t\t\t<\/div>\n\t\t<\/section>\n\t\t\t\t<\/div>\n\t\t","protected":false},"excerpt":{"rendered":"<p>Contact us Zyromski Production &#038; Distribution Questions or Comments? Our contact : 1853, chemin Lalibert\u00e9 Rivi\u00e8re-Rouge, Qu\u00e9bec J0T 1T0 (819) 275-5156Toll-free : 1 888 905-5156 Fax : (819) 275 7976 Toll-free : 1 888 275-7976 info@zyromski.com Write to Us<\/p>\n","protected":false},"author":1,"featured_media":0,"parent":0,"menu_order":0,"comment_status":"closed","ping_status":"closed","template":"","meta":{"site-sidebar-layout":"no-sidebar","site-content-layout":"page-builder","ast-site-content-layout":"default","site-content-style":"default","site-sidebar-style":"default","ast-global-header-display":"","ast-banner-title-visibility":"","ast-main-header-display":"","ast-hfb-above-header-display":"","ast-hfb-below-header-display":"","ast-hfb-mobile-header-display":"","site-post-title":"disabled","ast-breadcrumbs-content":"","ast-featured-img":"disabled","footer-sml-layout":"","theme-transparent-header-meta":"default","adv-header-id-meta":"","stick-header-meta":"","header-above-stick-meta":"","header-main-stick-meta":"","header-below-stick-meta":"","astra-migrate-meta-layouts":"default","ast-page-background-enabled":"default","ast-page-background-meta":{"desktop":{"background-color":"var(--ast-global-color-4)","background-image":"","background-repeat":"repeat","background-position":"center center","background-size":"auto","background-attachment":"scroll","background-type":"","background-media":"","overlay-type":"","overlay-color":"","overlay-opacity":"","overlay-gradient":""},"tablet":{"background-color":"","background-image":"","background-repeat":"repeat","background-position":"center center","background-size":"auto","background-attachment":"scroll","background-type":"","background-media":"","overlay-type":"","overlay-color":"","overlay-opacity":"","overlay-gradient":""},"mobile":{"background-color":"","background-image":"","background-repeat":"repeat","background-position":"center center","background-size":"auto","background-attachment":"scroll","background-type":"","background-media":"","overlay-type":"","overlay-color":"","overlay-opacity":"","overlay-gradient":""}},"ast-content-background-meta":{"desktop":{"background-color":"var(--ast-global-color-5)","background-image":"","background-repeat":"repeat","background-position":"center center","background-size":"auto","background-attachment":"scroll","background-type":"","background-media":"","overlay-type":"","overlay-color":"","overlay-opacity":"","overlay-gradient":""},"tablet":{"background-color":"var(--ast-global-color-5)","background-image":"","background-repeat":"repeat","background-position":"center center","background-size":"auto","background-attachment":"scroll","background-type":"","background-media":"","overlay-type":"","overlay-color":"","overlay-opacity":"","overlay-gradient":""},"mobile":{"background-color":"var(--ast-global-color-5)","background-image":"","background-repeat":"repeat","background-position":"center center","background-size":"auto","background-attachment":"scroll","background-type":"","background-media":"","overlay-type":"","overlay-color":"","overlay-opacity":"","overlay-gradient":""}},"footnotes":""},"class_list":["post-8340","page","type-page","status-publish","hentry"],"_links":{"self":[{"href":"https:\/\/www.zyromski.com\/en\/wp-json\/wp\/v2\/pages\/8340","targetHints":{"allow":["GET"]}}],"collection":[{"href":"https:\/\/www.zyromski.com\/en\/wp-json\/wp\/v2\/pages"}],"about":[{"href":"https:\/\/www.zyromski.com\/en\/wp-json\/wp\/v2\/types\/page"}],"author":[{"embeddable":true,"href":"https:\/\/www.zyromski.com\/en\/wp-json\/wp\/v2\/users\/1"}],"replies":[{"embeddable":true,"href":"https:\/\/www.zyromski.com\/en\/wp-json\/wp\/v2\/comments?post=8340"}],"version-history":[{"count":25,"href":"https:\/\/www.zyromski.com\/en\/wp-json\/wp\/v2\/pages\/8340\/revisions"}],"predecessor-version":[{"id":10503,"href":"https:\/\/www.zyromski.com\/en\/wp-json\/wp\/v2\/pages\/8340\/revisions\/10503"}],"wp:attachment":[{"href":"https:\/\/www.zyromski.com\/en\/wp-json\/wp\/v2\/media?parent=8340"}],"curies":[{"name":"wp","href":"https:\/\/api.w.org\/{rel}","templated":true}]}}